{"id":486,"date":"2018-07-18T20:26:00","date_gmt":"2018-07-18T18:26:00","guid":{"rendered":"http:\/\/danielclarkebouchardpianist.com\/?page_id=486"},"modified":"2018-12-14T22:37:07","modified_gmt":"2018-12-14T21:37:07","slug":"about","status":"publish","type":"page","link":"https:\/\/danielclarkebouchardpianist.com\/en\/about\/","title":{"rendered":"About"},"content":{"rendered":"<p><div class=\"fusion-fullwidth fullwidth-box hundred-percent-fullwidth non-hundred-percent-height-scrolling fusion-equal-height-columns fusion-no-small-visibility fusion-no-medium-visibility\"  style='background-color: rgba(255,255,255,0);background-position: center center;background-repeat: no-repeat;padding-top:0px;padding-right:0px;padding-bottom:0px;padding-left:0px;'><div class=\"fusion-builder-row fusion-row \"><div  class=\"fusion-layout-column fusion_builder_column fusion_builder_column_2_5  fusion-two-fifth fusion-column-first 2_5\"  style='margin-top:0px;margin-bottom:20px;width:40%;width:calc(40% - ( ( 4% ) * 0.4 ) );margin-right: 4%;'>\n\t\t\t\t\t<div class=\"fusion-column-wrapper\" style=\"padding: 0px 0px 0px 0px;background-image: url('http:\/\/danielclarkebouchardpianist.com\/wp-content\/uploads\/2018\/06\/photo-2017.jpg');background-position:left top;background-repeat:no-repeat;-webkit-background-size:cover;-moz-background-size:cover;-o-background-size:cover;background-size:cover;\"  data-bg-url=\"http:\/\/danielclarkebouchardpianist.com\/wp-content\/uploads\/2018\/06\/photo-2017.jpg\">\n\t\t\t\t\t\t<div class=\"fusion-clearfix\"><\/div>\n\n\t\t\t\t\t<\/div>\n\t\t\t\t<\/div><div  class=\"fusion-layout-column fusion_builder_column fusion_builder_column_3_5  fusion-three-fifth fusion-column-last 3_5\"  style='margin-top:0px;margin-bottom:20px;width:60%;width:calc(60% - ( ( 4% ) * 0.6 ) );'>\n\t\t\t\t\t<div class=\"fusion-column-wrapper\" style=\"padding: 80px 250px 40px 80px;background-position:left top;background-repeat:no-repeat;-webkit-background-size:cover;-moz-background-size:cover;-o-background-size:cover;background-size:cover;\"  data-bg-url=\"\">\n\t\t\t\t\t\t<div class=\"fusion-text\"><h1>BIOGRAPHY<\/h1>\n<p class=\"tw-data-text tw-ta tw-text-small\" dir=\"ltr\" data-placeholder=\"Traduction\"><span lang=\"en\">Daniel Clarke Bouchard began playing the piano at the age of five and gave his first piano recital at the age of six. He received the Grand Prize at the Joy of Music Festival held at McGill University. In 2009, he won the gold medal at the Montreal Classical Music Festival. In 2010, he won Gold at the Quebec Music Educators Association Competition. In 2011, Daniel won first place at the Canadian Music Competition and received the Yamaha, Canimex and Gilles Chatel scholarships.<\/span><\/p>\n<p class=\"tw-data-text tw-ta tw-text-small\" dir=\"ltr\" data-placeholder=\"Traduction\"><span lang=\"en\">Daniel has performed in many great venues all across Canada, most notably at the Maison Symphonique, the Wilfrid Pelletier hall, the Maisonneuve Theater and Koerner Hall in Toronto. In 2012, Daniel performed at Carnegie Hall as the winner of the Bradshaw and Buono International Piano Competition in New York.<\/span><\/p>\n<p id=\"tw-target-text\" class=\"tw-data-text tw-ta tw-text-small\" dir=\"ltr\" data-placeholder=\"Traduction\"><span lang=\"en\">He has performed for many fundraisers in Canada, particularly for the Dilawri Foundation, the Horatio Alger Foundation and for Alzheimer&#8217;s research. <\/span><\/p>\n<p class=\"tw-data-text tw-ta tw-text-small\" dir=\"ltr\" data-placeholder=\"Traduction\"><span lang=\"en\">Daniel has shared the stage many times with the great Oliver Jones, who was his mentor and idol growing up. Daniel performed at the 2012 International Jazz Festival with Molly Johnson, at the Tedx Youth Conference, and at the Place des Arts with the Montreal Jubilation Gospel Choir and Trevor Payne. Daniel also performed for the Vision Awards Gala in Montreal. He also was the Jeunesses Musicales of Canada&#8217;s cultural ambassador in 2014.<\/span><\/p>\n<p id=\"tw-target-text\" class=\"tw-data-text tw-ta tw-text-small\" dir=\"ltr\" data-placeholder=\"Traduction\"><span lang=\"en\">Daniel is known by his fans for his numerous appearances on television. His first big television appearance came on the show &#8220;Kiwis et des hommes&#8221; in 2011. Ever since, he has been interviewed countless times on CBC Radio and Radio-Canada and articles have been written about him in magazines and newspapers all across the world. Recently, he made appearances on the Ellen DeGeneres Show, Tout Le Monde En Parle, Canada AM and the George Stroumboulopoulos show.<\/span><\/p>\n<p>In 2014, he was invited to perform on stage with Earth, Wind and Fire as part of their Shining Star World Tour.<\/p>\n<p id=\"tw-target-text\" class=\"tw-data-text tw-ta tw-text-small\" dir=\"ltr\" data-placeholder=\"Traduction\"><span lang=\"en\">Daniel has performed with many orchestras, including the Montreal Symphony Orchestra with Dina Gilbert, the National Arts Center Orchestra with Alexander Shelley, the I Musici of Montreal with Jean-Michel Malouf, the Sinfonia de Lanaudi\u00e8re with Stephane Laforest, the Metropolitain Orchestra of Montreal with Daniel Myssyk and Yannick N\u00e9zet-S\u00e9guin, the Appassionata Ensemble with Daniel Myssyk, with the world-renowned Auryn Quartet and several others. Daniel has won numerous awards, including the F\u00e9lix Award for the 2014 Classical Album of the Year, the 2014 Montreal International Music Competition\u2019s Choquette Symcox Award and the 2017 SPACQ Foundation&#8217;s Eval-Manigat Award. <\/span><\/p>\n<\/div><div class=\"fusion-sep-clear\"><\/div><div class=\"fusion-separator fusion-full-width-sep sep-single sep-solid\" style=\"border-color:rgba(224,222,222,0);border-top-width:0px;margin-left: auto;margin-right: auto;margin-top:15px;\"><\/div><div class=\"fusion-button-wrapper fusion-alignleft\"><style type=\"text\/css\" scoped=\"scoped\">.fusion-button.button-1 .fusion-button-text, .fusion-button.button-1 i {color:#ffffff;}.fusion-button.button-1 {border-width:0px;border-color:#ffffff;}.fusion-button.button-1 .fusion-button-icon-divider{border-color:#ffffff;}.fusion-button.button-1:hover .fusion-button-text, .fusion-button.button-1:hover i,.fusion-button.button-1:focus .fusion-button-text, .fusion-button.button-1:focus i,.fusion-button.button-1:active .fusion-button-text, .fusion-button.button-1:active{color:#ffffff;}.fusion-button.button-1:hover, .fusion-button.button-1:focus, .fusion-button.button-1:active{border-width:0px;border-color:#ffffff;}.fusion-button.button-1:hover .fusion-button-icon-divider, .fusion-button.button-1:hover .fusion-button-icon-divider, .fusion-button.button-1:active .fusion-button-icon-divider{border-color:#ffffff;}.fusion-button.button-1{background: #a6a6a6;}.fusion-button.button-1:hover,.button-1:focus,.fusion-button.button-1:active{background: #262626;}.fusion-button.button-1{width:auto;}<\/style><a class=\"fusion-button button-flat fusion-button-round button-large button-custom button-1\" target=\"_blank\" rel=\"noopener noreferrer\" href=\"http:\/\/danielclarkebouchardpianist.com\/Highlights.pdf\"><span class=\"fusion-button-text\">HIGHLIGHTS<\/span><\/a><\/div><div class=\"fusion-clearfix\"><\/div>\n\n\t\t\t\t\t<\/div>\n\t\t\t\t<\/div><\/div><\/div><div class=\"fusion-fullwidth fullwidth-box nonhundred-percent-fullwidth non-hundred-percent-height-scrolling fusion-no-small-visibility fusion-no-large-visibility\"  style='background-color: rgba(255,255,255,0);background-position: center center;background-repeat: no-repeat;padding-top:0px;padding-right:0px;padding-bottom:0px;padding-left:0px;'><div class=\"fusion-builder-row fusion-row \"><div  class=\"fusion-layout-column fusion_builder_column fusion_builder_column_2_5  fusion-two-fifth fusion-column-first 2_5\"  style='margin-top:0px;margin-bottom:20px;width:40%;width:calc(40% - ( ( 4% ) * 0.4 ) );margin-right: 4%;'>\n\t\t\t\t\t<div class=\"fusion-column-wrapper\" style=\"padding: 0px 0px 0px 0px;background-image: url('http:\/\/danielclarkebouchardpianist.com\/wp-content\/uploads\/2018\/07\/bio-mobile-img.jpg');background-position:left top;background-repeat:no-repeat;-webkit-background-size:cover;-moz-background-size:cover;-o-background-size:cover;background-size:cover;\"  data-bg-url=\"http:\/\/danielclarkebouchardpianist.com\/wp-content\/uploads\/2018\/07\/bio-mobile-img.jpg\">\n\t\t\t\t\t\t<div class=\"fusion-clearfix\"><\/div>\n\n\t\t\t\t\t<\/div>\n\t\t\t\t<\/div><div  class=\"fusion-layout-column fusion_builder_column fusion_builder_column_3_5  fusion-three-fifth fusion-column-last 3_5\"  style='margin-top:0px;margin-bottom:20px;width:60%;width:calc(60% - ( ( 4% ) * 0.6 ) );'>\n\t\t\t\t\t<div class=\"fusion-column-wrapper\" style=\"padding: 80px 50px 40px 50px;background-position:left top;background-repeat:no-repeat;-webkit-background-size:cover;-moz-background-size:cover;-o-background-size:cover;background-size:cover;\"  data-bg-url=\"\">\n\t\t\t\t\t\t<div class=\"fusion-text\"><h1>BIOGRAPHY<\/h1>\n<p class=\"tw-data-text tw-ta tw-text-small\" dir=\"ltr\" data-placeholder=\"Traduction\"><span lang=\"en\">Daniel Clarke Bouchard began playing the piano at the age of five and gave his first piano recital at age six. He received the Grand Prize at the Joy of Music Festival held at McGill University. In 2009, he won the gold medal at the Montreal Classical Music Festival. In 2010, he won Gold in the Quebec Music Educators Association Competition. In 2011, Daniel won first place at the Canadian Music Competition and received the Yamaha, Canimex and Gilles Chatel scholarships.<\/span><\/p>\n<p class=\"tw-data-text tw-ta tw-text-small\" dir=\"ltr\" data-placeholder=\"Traduction\"><span lang=\"en\">Daniel has performed at the Maison Symphonique, Oscar Peterson Hall, McGill&#8217;s Redpath Hall, and Maison Trestler. On May 20, 2012, Daniel performed at Carnegie Hall as the winner of the Bradshaw and Buono International Piano Competition in New York.<\/span><\/p>\n<p id=\"tw-target-text\" class=\"tw-data-text tw-ta tw-text-small\" dir=\"ltr\" data-placeholder=\"Traduction\"><span lang=\"en\">He performed for many fundraisers in Montreal. Daniel has shared the stage with the great Oliver Jones, who was his mentor, and the artist Gregory Charles. He performed at the 2012 International Jazz Festival with Molly Johnson, at the Tedx Youth Conference, and more recently at Place des Arts with the Montreal Jubilation Gospel Choir conducted by Trevor Payne. Daniel also played for the Vision Gala Awards Gala in the honor of Gregory Charles. He was the Jeunesses Musicales of Canada&#8217;s ambassador in 2014.<\/span><\/p>\n<p id=\"tw-target-text\" class=\"tw-data-text tw-ta tw-text-small\" dir=\"ltr\" data-placeholder=\"Traduction\"><span lang=\"en\">Daniel was seen on television, particularly on &#8220;Kiwis et des hommes&#8221; and he has been interviewed many times on CBC Radio and Radio-Canada. Articles have also been written about him in magazines and newspapers. He made appearances on the Ellen DeGeneres Show, Tout Le Monde En Parle, Canada AM and the George Stroumboulopoulos show.<\/span><\/p>\n<p>He played with the American group Earth, Wind and Fire in 2014.<\/p>\n<p id=\"tw-target-text\" class=\"tw-data-text tw-ta tw-text-small\" dir=\"ltr\" data-placeholder=\"Traduction\"><span lang=\"en\">Daniel has performed with many orchestras, including the Montreal Symphony Orchestra with Dina Gilbert, the National Arts Orchestra of Canada with Alexander Shelley, the I Musici of Montreal with Jean-Michel Malouf, the Sinfonia de Lanaudi\u00e8re with Stephane Laforest, the Orchester M\u00e9tropolitain with Daniel Myssyk and Yannick N\u00e9zet-S\u00e9guin, l&#8217;Ensemble Appassionata with Daniel Myssyk, the Auryn Quartet and several others. Daniel has won numerous awards, including the F\u00e9lix Award for the 2014 Classical Album of the Year, the 2014 Montreal International Music Competition\u2019s Choquette Symcox Award and the 2017 SPACQ Foundation&#8217;s Eval-Manigate Award.<\/span><\/p>\n<\/div><div class=\"fusion-button-wrapper fusion-alignleft\"><style type=\"text\/css\" scoped=\"scoped\">.fusion-button.button-2 .fusion-button-text, .fusion-button.button-2 i {color:#ffffff;}.fusion-button.button-2 {border-width:0px;border-color:#ffffff;}.fusion-button.button-2 .fusion-button-icon-divider{border-color:#ffffff;}.fusion-button.button-2:hover .fusion-button-text, .fusion-button.button-2:hover i,.fusion-button.button-2:focus .fusion-button-text, .fusion-button.button-2:focus i,.fusion-button.button-2:active .fusion-button-text, .fusion-button.button-2:active{color:#ffffff;}.fusion-button.button-2:hover, .fusion-button.button-2:focus, .fusion-button.button-2:active{border-width:0px;border-color:#ffffff;}.fusion-button.button-2:hover .fusion-button-icon-divider, .fusion-button.button-2:hover .fusion-button-icon-divider, .fusion-button.button-2:active .fusion-button-icon-divider{border-color:#ffffff;}.fusion-button.button-2{background: #a6a6a6;}.fusion-button.button-2:hover,.button-2:focus,.fusion-button.button-2:active{background: #262626;}.fusion-button.button-2{width:auto;}<\/style><a class=\"fusion-button button-flat fusion-button-round button-large button-custom button-2\" target=\"_blank\" rel=\"noopener noreferrer\" href=\"http:\/\/danielclarkebouchardpianist.com\/Highlights.pdf\"><span class=\"fusion-button-text\">HIGHLIGHTS<\/span><\/a><\/div><div class=\"fusion-clearfix\"><\/div>\n\n\t\t\t\t\t<\/div>\n\t\t\t\t<\/div><\/div><\/div><div class=\"fusion-fullwidth fullwidth-box nonhundred-percent-fullwidth non-hundred-percent-height-scrolling fusion-no-medium-visibility fusion-no-large-visibility\"  style='background-color: rgba(255,255,255,0);background-position: center center;background-repeat: no-repeat;padding-top:0px;padding-right:0px;padding-bottom:0px;padding-left:0px;'><div class=\"fusion-builder-row fusion-row \"><div  class=\"fusion-layout-column fusion_builder_column fusion_builder_column_2_5  fusion-two-fifth fusion-column-first 2_5\"  style='margin-top:0px;margin-bottom:20px;width:40%;width:calc(40% - ( ( 4% ) * 0.4 ) );margin-right: 4%;'>\n\t\t\t\t\t<div class=\"fusion-column-wrapper\" style=\"padding: 0px 0px 0px 0px;background-image: url('http:\/\/danielclarkebouchardpianist.com\/wp-content\/uploads\/2018\/07\/bio-mobile-img.jpg');background-position:left top;background-repeat:no-repeat;-webkit-background-size:cover;-moz-background-size:cover;-o-background-size:cover;background-size:cover;\"  data-bg-url=\"http:\/\/danielclarkebouchardpianist.com\/wp-content\/uploads\/2018\/07\/bio-mobile-img.jpg\">\n\t\t\t\t\t\t<div class=\"fusion-clearfix\"><\/div>\n\n\t\t\t\t\t<\/div>\n\t\t\t\t<\/div><div  class=\"fusion-layout-column fusion_builder_column fusion_builder_column_3_5  fusion-three-fifth fusion-column-last 3_5\"  style='margin-top:0px;margin-bottom:20px;width:60%;width:calc(60% - ( ( 4% ) * 0.6 ) );'>\n\t\t\t\t\t<div class=\"fusion-column-wrapper\" style=\"padding: 60px 30px 40px 30px;background-position:left top;background-repeat:no-repeat;-webkit-background-size:cover;-moz-background-size:cover;-o-background-size:cover;background-size:cover;\"  data-bg-url=\"\">\n\t\t\t\t\t\t<div class=\"fusion-text\"><h3 style=\"margin-top: 0 !important; margin-bottom: 10px !important;\">BIOGRAPHY<\/h3>\n<p>Daniel Clarke Bouchard began playing the piano at the age of five and gave his first piano recital at age six. He received the Grand Prize at the Joy of Music Festival held at McGill University. In 2009, he won the gold medal at the Montreal Classical Music Festival. In 2010, he won gold in the Quebec Music Educators Association Competition. In 2011, Daniel won first place at the Canadian Music Competition and received the Yamaha, Canimex and Gilles Chatel scholarships.<\/p>\n<p>Daniel has performed at the Montreal Symphony House, Oscar Peterson Hall, McGill&#8217;s Redpath Hall, and Trestler House. On May 20, 2012, Daniel performed at Carnegie Hall as the winner of the Bradshaw and Buono International Piano Competition in New York.<\/p>\n<p>He performed for many fundraisers in Montreal. Daniel has shared the stage with the great Oliver Jones, who was his mentor, and the artist Gregory Charles. He performed at the 2012 International Jazz Festival with Molly Johnson, at the Tedx Youth Conference, and more recently at Place des Arts with the Montreal Jubilation Gospel Choir conducted by Trevor Payne. Daniel also played for the Vision Gala Awards Gala in honor of Gregory Charles. He was the Jeunesses Musicales of Canada&#8217;s ambassador in 2014.<\/p>\n<p>Daniel was seen on television, particularly on &#8220;Kiwis et des hommes&#8221; and he was interviewed many times on CBC Radio and Radio-Canada. Articles have also been written about him in magazines and newspapers. He made appearances on the Ellen DeGeneres Show, Tout Le Monde En Parle, Canada AM and the George Stroumboulopoulos show.<\/p>\n<p>He played with the American group Earth, Wind and Fire in 2014.<\/p>\n<p>Daniel has performed with many orchestras, including the Montreal Symphony Orchestra with Dina Gilbert, the National Arts Orchestra of Canada with Alexander Shelley, the I Musici of Montreal with Jean-Michel Malouf, the Sinfonia de Lanaudi\u00e8re with Stephane Laforest, the Orchester M\u00e9tropolitain with Daniel Myssyk and Yannick N\u00e9zet-S\u00e9guin, the Ensemble Appassionata with Daniel Myssyk, the Auryn Quartet and several others. Daniel has won numerous awards, including the F\u00e9lix Award for the 2014 Classic Album of the Year, the 2014 Montreal International Music Competition\u2019s Choquette Symcox Award and the 2017 SPACQ Foundation&#8217;s Eval-Manigate Award.<\/p>\n<\/div><div class=\"fusion-button-wrapper fusion-alignleft\"><style type=\"text\/css\" scoped=\"scoped\">.fusion-button.button-3 .fusion-button-text, .fusion-button.button-3 i {color:#ffffff;}.fusion-button.button-3 {border-width:0px;border-color:#ffffff;}.fusion-button.button-3 .fusion-button-icon-divider{border-color:#ffffff;}.fusion-button.button-3:hover .fusion-button-text, .fusion-button.button-3:hover i,.fusion-button.button-3:focus .fusion-button-text, .fusion-button.button-3:focus i,.fusion-button.button-3:active .fusion-button-text, .fusion-button.button-3:active{color:#ffffff;}.fusion-button.button-3:hover, .fusion-button.button-3:focus, .fusion-button.button-3:active{border-width:0px;border-color:#ffffff;}.fusion-button.button-3:hover .fusion-button-icon-divider, .fusion-button.button-3:hover .fusion-button-icon-divider, .fusion-button.button-3:active .fusion-button-icon-divider{border-color:#ffffff;}.fusion-button.button-3{background: #a6a6a6;}.fusion-button.button-3:hover,.button-3:focus,.fusion-button.button-3:active{background: #262626;}.fusion-button.button-3{width:auto;}<\/style><a class=\"fusion-button button-flat fusion-button-round button-large button-custom button-3\" target=\"_blank\" rel=\"noopener noreferrer\" href=\"http:\/\/danielclarkebouchardpianist.com\/Highlights.pdf\"><span class=\"fusion-button-text\">HIGHLIGHTS<\/span><\/a><\/div><div class=\"fusion-clearfix\"><\/div>\n\n\t\t\t\t\t<\/div>\n\t\t\t\t<\/div><\/div><\/div><\/p>\n","protected":false},"excerpt":{"rendered":"","protected":false},"author":1,"featured_media":0,"parent":0,"menu_order":0,"comment_status":"closed","ping_status":"closed","template":"100-width.php","meta":{"footnotes":""},"class_list":["post-486","page","type-page","status-publish","hentry"],"_links":{"self":[{"href":"https:\/\/danielclarkebouchardpianist.com\/en\/wp-json\/wp\/v2\/pages\/486"}],"collection":[{"href":"https:\/\/danielclarkebouchardpianist.com\/en\/wp-json\/wp\/v2\/pages"}],"about":[{"href":"https:\/\/danielclarkebouchardpianist.com\/en\/wp-json\/wp\/v2\/types\/page"}],"author":[{"embeddable":true,"href":"https:\/\/danielclarkebouchardpianist.com\/en\/wp-json\/wp\/v2\/users\/1"}],"replies":[{"embeddable":true,"href":"https:\/\/danielclarkebouchardpianist.com\/en\/wp-json\/wp\/v2\/comments?post=486"}],"version-history":[{"count":23,"href":"https:\/\/danielclarkebouchardpianist.com\/en\/wp-json\/wp\/v2\/pages\/486\/revisions"}],"predecessor-version":[{"id":965,"href":"https:\/\/danielclarkebouchardpianist.com\/en\/wp-json\/wp\/v2\/pages\/486\/revisions\/965"}],"wp:attachment":[{"href":"https:\/\/danielclarkebouchardpianist.com\/en\/wp-json\/wp\/v2\/media?parent=486"}],"curies":[{"name":"wp","href":"https:\/\/api.w.org\/{rel}","templated":true}]}}